{"id":241,"date":"2024-04-18T23:57:05","date_gmt":"2024-04-18T23:57:05","guid":{"rendered":"https:\/\/westmountlimousine.com\/?page_id=241"},"modified":"2024-10-01T14:50:39","modified_gmt":"2024-10-01T14:50:39","slug":"transfert-daffaires","status":"publish","type":"page","link":"https:\/\/westmountlimousine.com\/fr\/services\/transfert-daffaires\/","title":{"rendered":"transfert d&rsquo;affaires"},"content":{"rendered":"","protected":false},"excerpt":{"rendered":"","protected":false},"author":1,"featured_media":0,"parent":229,"menu_order":0,"comment_status":"closed","ping_status":"closed","template":"services-business-travail.php","meta":{"_acf_changed":false,"_monsterinsights_skip_tracking":false,"_monsterinsights_sitenote_active":false,"_monsterinsights_sitenote_note":"","_monsterinsights_sitenote_category":0,"footnotes":""},"class_list":["post-241","page","type-page","status-publish","hentry"],"acf":[],"yoast_head":"<!-- This site is optimized with the Yoast SEO plugin v22.4 - https:\/\/yoast.com\/wordpress\/plugins\/seo\/ -->\n<title>Transferts d&#039;Affaires en Limousine | Westmount Limousine<\/title>\n<meta name=\"description\" content=\"Profitez de transferts d&#039;affaires fiables et \u00e9l\u00e9gants avec Westmount Limousine : ponctualit\u00e9 et confort pour vos d\u00e9placements professionnels\" \/>\n<meta name=\"robots\" content=\"index, follow, max-snippet:-1, max-image-preview:large, max-video-preview:-1\" \/>\n<link rel=\"canonical\" href=\"https:\/\/westmountlimousine.com\/fr\/services\/transfert-daffaires\/\" \/>\n<meta property=\"og:locale\" content=\"fr_FR\" \/>\n<meta property=\"og:type\" content=\"article\" \/>\n<meta property=\"og:title\" content=\"Transferts d&#039;Affaires en Limousine | Westmount Limousine\" \/>\n<meta property=\"og:description\" content=\"Profitez de transferts d&#039;affaires fiables et \u00e9l\u00e9gants avec Westmount Limousine : ponctualit\u00e9 et confort pour vos d\u00e9placements professionnels\" \/>\n<meta property=\"og:url\" content=\"https:\/\/westmountlimousine.com\/fr\/services\/transfert-daffaires\/\" \/>\n<meta property=\"og:site_name\" content=\"westmount\" \/>\n<meta property=\"article:modified_time\" content=\"2024-10-01T14:50:39+00:00\" \/>\n<meta name=\"twitter:card\" content=\"summary_large_image\" \/>\n<script type=\"application\/ld+json\" class=\"yoast-schema-graph\">{\"@context\":\"https:\/\/schema.org\",\"@graph\":[{\"@type\":\"WebPage\",\"@id\":\"https:\/\/westmountlimousine.com\/fr\/services\/transfert-daffaires\/\",\"url\":\"https:\/\/westmountlimousine.com\/fr\/services\/transfert-daffaires\/\",\"name\":\"Transferts d'Affaires en Limousine | Westmount Limousine\",\"isPartOf\":{\"@id\":\"https:\/\/westmountlimousine.com\/fr\/#website\"},\"datePublished\":\"2024-04-18T23:57:05+00:00\",\"dateModified\":\"2024-10-01T14:50:39+00:00\",\"description\":\"Profitez de transferts d'affaires fiables et \u00e9l\u00e9gants avec Westmount Limousine : ponctualit\u00e9 et confort pour vos d\u00e9placements professionnels\",\"breadcrumb\":{\"@id\":\"https:\/\/westmountlimousine.com\/fr\/services\/transfert-daffaires\/#breadcrumb\"},\"inLanguage\":\"fr-FR\",\"potentialAction\":[{\"@type\":\"ReadAction\",\"target\":[\"https:\/\/westmountlimousine.com\/fr\/services\/transfert-daffaires\/\"]}]},{\"@type\":\"BreadcrumbList\",\"@id\":\"https:\/\/westmountlimousine.com\/fr\/services\/transfert-daffaires\/#breadcrumb\",\"itemListElement\":[{\"@type\":\"ListItem\",\"position\":1,\"name\":\"Home\",\"item\":\"https:\/\/westmountlimousine.com\/fr\/\"},{\"@type\":\"ListItem\",\"position\":2,\"name\":\"services\",\"item\":\"https:\/\/westmountlimousine.com\/fr\/services\/\"},{\"@type\":\"ListItem\",\"position\":3,\"name\":\"transfert d&#8217;affaires\"}]},{\"@type\":\"WebSite\",\"@id\":\"https:\/\/westmountlimousine.com\/fr\/#website\",\"url\":\"https:\/\/westmountlimousine.com\/fr\/\",\"name\":\"westmount\",\"description\":\"\",\"potentialAction\":[{\"@type\":\"SearchAction\",\"target\":{\"@type\":\"EntryPoint\",\"urlTemplate\":\"https:\/\/westmountlimousine.com\/fr\/?s={search_term_string}\"},\"query-input\":\"required name=search_term_string\"}],\"inLanguage\":\"fr-FR\"}]}<\/script>\n<!-- \/ Yoast SEO plugin. -->","yoast_head_json":{"title":"Transferts d'Affaires en Limousine | Westmount Limousine","description":"Profitez de transferts d'affaires fiables et \u00e9l\u00e9gants avec Westmount Limousine : ponctualit\u00e9 et confort pour vos d\u00e9placements professionnels","robots":{"index":"index","follow":"follow","max-snippet":"max-snippet:-1","max-image-preview":"max-image-preview:large","max-video-preview":"max-video-preview:-1"},"canonical":"https:\/\/westmountlimousine.com\/fr\/services\/transfert-daffaires\/","og_locale":"fr_FR","og_type":"article","og_title":"Transferts d'Affaires en Limousine | Westmount Limousine","og_description":"Profitez de transferts d'affaires fiables et \u00e9l\u00e9gants avec Westmount Limousine : ponctualit\u00e9 et confort pour vos d\u00e9placements professionnels","og_url":"https:\/\/westmountlimousine.com\/fr\/services\/transfert-daffaires\/","og_site_name":"westmount","article_modified_time":"2024-10-01T14:50:39+00:00","twitter_card":"summary_large_image","schema":{"@context":"https:\/\/schema.org","@graph":[{"@type":"WebPage","@id":"https:\/\/westmountlimousine.com\/fr\/services\/transfert-daffaires\/","url":"https:\/\/westmountlimousine.com\/fr\/services\/transfert-daffaires\/","name":"Transferts d'Affaires en Limousine | Westmount Limousine","isPartOf":{"@id":"https:\/\/westmountlimousine.com\/fr\/#website"},"datePublished":"2024-04-18T23:57:05+00:00","dateModified":"2024-10-01T14:50:39+00:00","description":"Profitez de transferts d'affaires fiables et \u00e9l\u00e9gants avec Westmount Limousine : ponctualit\u00e9 et confort pour vos d\u00e9placements professionnels","breadcrumb":{"@id":"https:\/\/westmountlimousine.com\/fr\/services\/transfert-daffaires\/#breadcrumb"},"inLanguage":"fr-FR","potentialAction":[{"@type":"ReadAction","target":["https:\/\/westmountlimousine.com\/fr\/services\/transfert-daffaires\/"]}]},{"@type":"BreadcrumbList","@id":"https:\/\/westmountlimousine.com\/fr\/services\/transfert-daffaires\/#breadcrumb","itemListElement":[{"@type":"ListItem","position":1,"name":"Home","item":"https:\/\/westmountlimousine.com\/fr\/"},{"@type":"ListItem","position":2,"name":"services","item":"https:\/\/westmountlimousine.com\/fr\/services\/"},{"@type":"ListItem","position":3,"name":"transfert d&#8217;affaires"}]},{"@type":"WebSite","@id":"https:\/\/westmountlimousine.com\/fr\/#website","url":"https:\/\/westmountlimousine.com\/fr\/","name":"westmount","description":"","potentialAction":[{"@type":"SearchAction","target":{"@type":"EntryPoint","urlTemplate":"https:\/\/westmountlimousine.com\/fr\/?s={search_term_string}"},"query-input":"required name=search_term_string"}],"inLanguage":"fr-FR"}]}},"_links":{"self":[{"href":"https:\/\/westmountlimousine.com\/fr\/wp-json\/wp\/v2\/pages\/241","targetHints":{"allow":["GET"]}}],"collection":[{"href":"https:\/\/westmountlimousine.com\/fr\/wp-json\/wp\/v2\/pages"}],"about":[{"href":"https:\/\/westmountlimousine.com\/fr\/wp-json\/wp\/v2\/types\/page"}],"author":[{"embeddable":true,"href":"https:\/\/westmountlimousine.com\/fr\/wp-json\/wp\/v2\/users\/1"}],"replies":[{"embeddable":true,"href":"https:\/\/westmountlimousine.com\/fr\/wp-json\/wp\/v2\/comments?post=241"}],"version-history":[{"count":1,"href":"https:\/\/westmountlimousine.com\/fr\/wp-json\/wp\/v2\/pages\/241\/revisions"}],"predecessor-version":[{"id":242,"href":"https:\/\/westmountlimousine.com\/fr\/wp-json\/wp\/v2\/pages\/241\/revisions\/242"}],"up":[{"embeddable":true,"href":"https:\/\/westmountlimousine.com\/fr\/wp-json\/wp\/v2\/pages\/229"}],"wp:attachment":[{"href":"https:\/\/westmountlimousine.com\/fr\/wp-json\/wp\/v2\/media?parent=241"}],"curies":[{"name":"wp","href":"https:\/\/api.w.org\/{rel}","templated":true}]}}