{"id":229,"date":"2024-01-20T19:05:42","date_gmt":"2024-01-20T19:05:42","guid":{"rendered":"https:\/\/westmountlimousine.com\/?page_id=229"},"modified":"2024-10-09T16:51:01","modified_gmt":"2024-10-09T16:51:01","slug":"services","status":"publish","type":"page","link":"https:\/\/westmountlimousine.com\/fr\/services\/","title":{"rendered":"services"},"content":{"rendered":"","protected":false},"excerpt":{"rendered":"","protected":false},"author":1,"featured_media":0,"parent":0,"menu_order":0,"comment_status":"closed","ping_status":"closed","template":"services.php","meta":{"_acf_changed":false,"_monsterinsights_skip_tracking":false,"_monsterinsights_sitenote_active":false,"_monsterinsights_sitenote_note":"","_monsterinsights_sitenote_category":0,"footnotes":""},"class_list":["post-229","page","type-page","status-publish","hentry"],"acf":[],"yoast_head":"<!-- This site is optimized with the Yoast SEO plugin v22.4 - https:\/\/yoast.com\/wordpress\/plugins\/seo\/ -->\n<title>Location de Limousine | Westmount Limousine<\/title>\n<meta name=\"description\" content=\"D\u00e9couvrez nos services de location de limousine \u00e0 Montr\u00e9al. Profitez de luxe, confort et ponctualit\u00e9 pour tous vos d\u00e9placements.\" \/>\n<meta name=\"robots\" content=\"index, follow, max-snippet:-1, max-image-preview:large, max-video-preview:-1\" \/>\n<link rel=\"canonical\" href=\"https:\/\/westmountlimousine.com\/fr\/services\/\" \/>\n<meta property=\"og:locale\" content=\"fr_FR\" \/>\n<meta property=\"og:type\" content=\"article\" \/>\n<meta property=\"og:title\" content=\"Location de Limousine | Westmount Limousine\" \/>\n<meta property=\"og:description\" content=\"D\u00e9couvrez nos services de location de limousine \u00e0 Montr\u00e9al. Profitez de luxe, confort et ponctualit\u00e9 pour tous vos d\u00e9placements.\" \/>\n<meta property=\"og:url\" content=\"https:\/\/westmountlimousine.com\/fr\/services\/\" \/>\n<meta property=\"og:site_name\" content=\"westmount\" \/>\n<meta property=\"article:modified_time\" content=\"2024-10-09T16:51:01+00:00\" \/>\n<meta name=\"twitter:card\" content=\"summary_large_image\" \/>\n<script type=\"application\/ld+json\" class=\"yoast-schema-graph\">{\"@context\":\"https:\/\/schema.org\",\"@graph\":[{\"@type\":\"WebPage\",\"@id\":\"https:\/\/westmountlimousine.com\/fr\/services\/\",\"url\":\"https:\/\/westmountlimousine.com\/fr\/services\/\",\"name\":\"Location de Limousine | Westmount Limousine\",\"isPartOf\":{\"@id\":\"https:\/\/westmountlimousine.com\/fr\/#website\"},\"datePublished\":\"2024-01-20T19:05:42+00:00\",\"dateModified\":\"2024-10-09T16:51:01+00:00\",\"description\":\"D\u00e9couvrez nos services de location de limousine \u00e0 Montr\u00e9al. Profitez de luxe, confort et ponctualit\u00e9 pour tous vos d\u00e9placements.\",\"breadcrumb\":{\"@id\":\"https:\/\/westmountlimousine.com\/fr\/services\/#breadcrumb\"},\"inLanguage\":\"fr-FR\",\"potentialAction\":[{\"@type\":\"ReadAction\",\"target\":[\"https:\/\/westmountlimousine.com\/fr\/services\/\"]}]},{\"@type\":\"BreadcrumbList\",\"@id\":\"https:\/\/westmountlimousine.com\/fr\/services\/#breadcrumb\",\"itemListElement\":[{\"@type\":\"ListItem\",\"position\":1,\"name\":\"Home\",\"item\":\"https:\/\/westmountlimousine.com\/fr\/\"},{\"@type\":\"ListItem\",\"position\":2,\"name\":\"services\"}]},{\"@type\":\"WebSite\",\"@id\":\"https:\/\/westmountlimousine.com\/fr\/#website\",\"url\":\"https:\/\/westmountlimousine.com\/fr\/\",\"name\":\"westmount\",\"description\":\"\",\"potentialAction\":[{\"@type\":\"SearchAction\",\"target\":{\"@type\":\"EntryPoint\",\"urlTemplate\":\"https:\/\/westmountlimousine.com\/fr\/?s={search_term_string}\"},\"query-input\":\"required name=search_term_string\"}],\"inLanguage\":\"fr-FR\"}]}<\/script>\n<!-- \/ Yoast SEO plugin. -->","yoast_head_json":{"title":"Location de Limousine | Westmount Limousine","description":"D\u00e9couvrez nos services de location de limousine \u00e0 Montr\u00e9al. Profitez de luxe, confort et ponctualit\u00e9 pour tous vos d\u00e9placements.","robots":{"index":"index","follow":"follow","max-snippet":"max-snippet:-1","max-image-preview":"max-image-preview:large","max-video-preview":"max-video-preview:-1"},"canonical":"https:\/\/westmountlimousine.com\/fr\/services\/","og_locale":"fr_FR","og_type":"article","og_title":"Location de Limousine | Westmount Limousine","og_description":"D\u00e9couvrez nos services de location de limousine \u00e0 Montr\u00e9al. Profitez de luxe, confort et ponctualit\u00e9 pour tous vos d\u00e9placements.","og_url":"https:\/\/westmountlimousine.com\/fr\/services\/","og_site_name":"westmount","article_modified_time":"2024-10-09T16:51:01+00:00","twitter_card":"summary_large_image","schema":{"@context":"https:\/\/schema.org","@graph":[{"@type":"WebPage","@id":"https:\/\/westmountlimousine.com\/fr\/services\/","url":"https:\/\/westmountlimousine.com\/fr\/services\/","name":"Location de Limousine | Westmount Limousine","isPartOf":{"@id":"https:\/\/westmountlimousine.com\/fr\/#website"},"datePublished":"2024-01-20T19:05:42+00:00","dateModified":"2024-10-09T16:51:01+00:00","description":"D\u00e9couvrez nos services de location de limousine \u00e0 Montr\u00e9al. Profitez de luxe, confort et ponctualit\u00e9 pour tous vos d\u00e9placements.","breadcrumb":{"@id":"https:\/\/westmountlimousine.com\/fr\/services\/#breadcrumb"},"inLanguage":"fr-FR","potentialAction":[{"@type":"ReadAction","target":["https:\/\/westmountlimousine.com\/fr\/services\/"]}]},{"@type":"BreadcrumbList","@id":"https:\/\/westmountlimousine.com\/fr\/services\/#breadcrumb","itemListElement":[{"@type":"ListItem","position":1,"name":"Home","item":"https:\/\/westmountlimousine.com\/fr\/"},{"@type":"ListItem","position":2,"name":"services"}]},{"@type":"WebSite","@id":"https:\/\/westmountlimousine.com\/fr\/#website","url":"https:\/\/westmountlimousine.com\/fr\/","name":"westmount","description":"","potentialAction":[{"@type":"SearchAction","target":{"@type":"EntryPoint","urlTemplate":"https:\/\/westmountlimousine.com\/fr\/?s={search_term_string}"},"query-input":"required name=search_term_string"}],"inLanguage":"fr-FR"}]}},"_links":{"self":[{"href":"https:\/\/westmountlimousine.com\/fr\/wp-json\/wp\/v2\/pages\/229","targetHints":{"allow":["GET"]}}],"collection":[{"href":"https:\/\/westmountlimousine.com\/fr\/wp-json\/wp\/v2\/pages"}],"about":[{"href":"https:\/\/westmountlimousine.com\/fr\/wp-json\/wp\/v2\/types\/page"}],"author":[{"embeddable":true,"href":"https:\/\/westmountlimousine.com\/fr\/wp-json\/wp\/v2\/users\/1"}],"replies":[{"embeddable":true,"href":"https:\/\/westmountlimousine.com\/fr\/wp-json\/wp\/v2\/comments?post=229"}],"version-history":[{"count":1,"href":"https:\/\/westmountlimousine.com\/fr\/wp-json\/wp\/v2\/pages\/229\/revisions"}],"predecessor-version":[{"id":230,"href":"https:\/\/westmountlimousine.com\/fr\/wp-json\/wp\/v2\/pages\/229\/revisions\/230"}],"wp:attachment":[{"href":"https:\/\/westmountlimousine.com\/fr\/wp-json\/wp\/v2\/media?parent=229"}],"curies":[{"name":"wp","href":"https:\/\/api.w.org\/{rel}","templated":true}]}}