{"id":223,"date":"2024-01-20T22:49:47","date_gmt":"2024-01-20T22:49:47","guid":{"rendered":"https:\/\/westmountlimousine.com\/?page_id=223"},"modified":"2024-10-09T16:55:11","modified_gmt":"2024-10-09T16:55:11","slug":"transfert-aeroport","status":"publish","type":"page","link":"https:\/\/westmountlimousine.com\/fr\/services\/transfert-aeroport\/","title":{"rendered":"Transfert d&rsquo;A\u00e9roport"},"content":{"rendered":"","protected":false},"excerpt":{"rendered":"","protected":false},"author":1,"featured_media":0,"parent":229,"menu_order":0,"comment_status":"closed","ping_status":"closed","template":"detail_services.php","meta":{"_acf_changed":false,"_monsterinsights_skip_tracking":false,"_monsterinsights_sitenote_active":false,"_monsterinsights_sitenote_note":"","_monsterinsights_sitenote_category":0,"footnotes":""},"class_list":["post-223","page","type-page","status-publish","hentry"],"acf":[],"yoast_head":"<!-- This site is optimized with the Yoast SEO plugin v22.4 - https:\/\/yoast.com\/wordpress\/plugins\/seo\/ -->\n<title>Transfert A\u00e9roport Limousine | Luxe &amp; Commodit\u00e9<\/title>\n<meta name=\"description\" content=\"R\u00e9servez votre transfert d&#039;a\u00e9roport en limousine avec Westmount Limousine. Profitez d&#039;un service de luxe, alliant confort et ponctualit\u00e9.\" \/>\n<meta name=\"robots\" content=\"index, follow, max-snippet:-1, max-image-preview:large, max-video-preview:-1\" \/>\n<link rel=\"canonical\" href=\"https:\/\/westmountlimousine.com\/fr\/services\/transfert-aeroport\/\" \/>\n<meta property=\"og:locale\" content=\"fr_FR\" \/>\n<meta property=\"og:type\" content=\"article\" \/>\n<meta property=\"og:title\" content=\"Transfert A\u00e9roport Limousine | Luxe &amp; Commodit\u00e9\" \/>\n<meta property=\"og:description\" content=\"R\u00e9servez votre transfert d&#039;a\u00e9roport en limousine avec Westmount Limousine. Profitez d&#039;un service de luxe, alliant confort et ponctualit\u00e9.\" \/>\n<meta property=\"og:url\" content=\"https:\/\/westmountlimousine.com\/fr\/services\/transfert-aeroport\/\" \/>\n<meta property=\"og:site_name\" content=\"westmount\" \/>\n<meta property=\"article:modified_time\" content=\"2024-10-09T16:55:11+00:00\" \/>\n<meta name=\"twitter:card\" content=\"summary_large_image\" \/>\n<script type=\"application\/ld+json\" class=\"yoast-schema-graph\">{\"@context\":\"https:\/\/schema.org\",\"@graph\":[{\"@type\":\"WebPage\",\"@id\":\"https:\/\/westmountlimousine.com\/fr\/services\/transfert-aeroport\/\",\"url\":\"https:\/\/westmountlimousine.com\/fr\/services\/transfert-aeroport\/\",\"name\":\"Transfert A\u00e9roport Limousine | Luxe & Commodit\u00e9\",\"isPartOf\":{\"@id\":\"https:\/\/westmountlimousine.com\/fr\/#website\"},\"datePublished\":\"2024-01-20T22:49:47+00:00\",\"dateModified\":\"2024-10-09T16:55:11+00:00\",\"description\":\"R\u00e9servez votre transfert d'a\u00e9roport en limousine avec Westmount Limousine. Profitez d'un service de luxe, alliant confort et ponctualit\u00e9.\",\"breadcrumb\":{\"@id\":\"https:\/\/westmountlimousine.com\/fr\/services\/transfert-aeroport\/#breadcrumb\"},\"inLanguage\":\"fr-FR\",\"potentialAction\":[{\"@type\":\"ReadAction\",\"target\":[\"https:\/\/westmountlimousine.com\/fr\/services\/transfert-aeroport\/\"]}]},{\"@type\":\"BreadcrumbList\",\"@id\":\"https:\/\/westmountlimousine.com\/fr\/services\/transfert-aeroport\/#breadcrumb\",\"itemListElement\":[{\"@type\":\"ListItem\",\"position\":1,\"name\":\"Home\",\"item\":\"https:\/\/westmountlimousine.com\/fr\/\"},{\"@type\":\"ListItem\",\"position\":2,\"name\":\"services\",\"item\":\"https:\/\/westmountlimousine.com\/fr\/services\/\"},{\"@type\":\"ListItem\",\"position\":3,\"name\":\"Transfert d&#8217;A\u00e9roport\"}]},{\"@type\":\"WebSite\",\"@id\":\"https:\/\/westmountlimousine.com\/fr\/#website\",\"url\":\"https:\/\/westmountlimousine.com\/fr\/\",\"name\":\"westmount\",\"description\":\"\",\"potentialAction\":[{\"@type\":\"SearchAction\",\"target\":{\"@type\":\"EntryPoint\",\"urlTemplate\":\"https:\/\/westmountlimousine.com\/fr\/?s={search_term_string}\"},\"query-input\":\"required name=search_term_string\"}],\"inLanguage\":\"fr-FR\"}]}<\/script>\n<!-- \/ Yoast SEO plugin. -->","yoast_head_json":{"title":"Transfert A\u00e9roport Limousine | Luxe & Commodit\u00e9","description":"R\u00e9servez votre transfert d'a\u00e9roport en limousine avec Westmount Limousine. Profitez d'un service de luxe, alliant confort et ponctualit\u00e9.","robots":{"index":"index","follow":"follow","max-snippet":"max-snippet:-1","max-image-preview":"max-image-preview:large","max-video-preview":"max-video-preview:-1"},"canonical":"https:\/\/westmountlimousine.com\/fr\/services\/transfert-aeroport\/","og_locale":"fr_FR","og_type":"article","og_title":"Transfert A\u00e9roport Limousine | Luxe & Commodit\u00e9","og_description":"R\u00e9servez votre transfert d'a\u00e9roport en limousine avec Westmount Limousine. Profitez d'un service de luxe, alliant confort et ponctualit\u00e9.","og_url":"https:\/\/westmountlimousine.com\/fr\/services\/transfert-aeroport\/","og_site_name":"westmount","article_modified_time":"2024-10-09T16:55:11+00:00","twitter_card":"summary_large_image","schema":{"@context":"https:\/\/schema.org","@graph":[{"@type":"WebPage","@id":"https:\/\/westmountlimousine.com\/fr\/services\/transfert-aeroport\/","url":"https:\/\/westmountlimousine.com\/fr\/services\/transfert-aeroport\/","name":"Transfert A\u00e9roport Limousine | Luxe & Commodit\u00e9","isPartOf":{"@id":"https:\/\/westmountlimousine.com\/fr\/#website"},"datePublished":"2024-01-20T22:49:47+00:00","dateModified":"2024-10-09T16:55:11+00:00","description":"R\u00e9servez votre transfert d'a\u00e9roport en limousine avec Westmount Limousine. Profitez d'un service de luxe, alliant confort et ponctualit\u00e9.","breadcrumb":{"@id":"https:\/\/westmountlimousine.com\/fr\/services\/transfert-aeroport\/#breadcrumb"},"inLanguage":"fr-FR","potentialAction":[{"@type":"ReadAction","target":["https:\/\/westmountlimousine.com\/fr\/services\/transfert-aeroport\/"]}]},{"@type":"BreadcrumbList","@id":"https:\/\/westmountlimousine.com\/fr\/services\/transfert-aeroport\/#breadcrumb","itemListElement":[{"@type":"ListItem","position":1,"name":"Home","item":"https:\/\/westmountlimousine.com\/fr\/"},{"@type":"ListItem","position":2,"name":"services","item":"https:\/\/westmountlimousine.com\/fr\/services\/"},{"@type":"ListItem","position":3,"name":"Transfert d&#8217;A\u00e9roport"}]},{"@type":"WebSite","@id":"https:\/\/westmountlimousine.com\/fr\/#website","url":"https:\/\/westmountlimousine.com\/fr\/","name":"westmount","description":"","potentialAction":[{"@type":"SearchAction","target":{"@type":"EntryPoint","urlTemplate":"https:\/\/westmountlimousine.com\/fr\/?s={search_term_string}"},"query-input":"required name=search_term_string"}],"inLanguage":"fr-FR"}]}},"_links":{"self":[{"href":"https:\/\/westmountlimousine.com\/fr\/wp-json\/wp\/v2\/pages\/223","targetHints":{"allow":["GET"]}}],"collection":[{"href":"https:\/\/westmountlimousine.com\/fr\/wp-json\/wp\/v2\/pages"}],"about":[{"href":"https:\/\/westmountlimousine.com\/fr\/wp-json\/wp\/v2\/types\/page"}],"author":[{"embeddable":true,"href":"https:\/\/westmountlimousine.com\/fr\/wp-json\/wp\/v2\/users\/1"}],"replies":[{"embeddable":true,"href":"https:\/\/westmountlimousine.com\/fr\/wp-json\/wp\/v2\/comments?post=223"}],"version-history":[{"count":1,"href":"https:\/\/westmountlimousine.com\/fr\/wp-json\/wp\/v2\/pages\/223\/revisions"}],"predecessor-version":[{"id":224,"href":"https:\/\/westmountlimousine.com\/fr\/wp-json\/wp\/v2\/pages\/223\/revisions\/224"}],"up":[{"embeddable":true,"href":"https:\/\/westmountlimousine.com\/fr\/wp-json\/wp\/v2\/pages\/229"}],"wp:attachment":[{"href":"https:\/\/westmountlimousine.com\/fr\/wp-json\/wp\/v2\/media?parent=223"}],"curies":[{"name":"wp","href":"https:\/\/api.w.org\/{rel}","templated":true}]}}